{"id":283,"date":"2009-10-01T12:10:52","date_gmt":"2009-10-01T11:10:52","guid":{"rendered":"http:\/\/www.donzee.fr\/?page_id=283"},"modified":"2013-08-26T14:26:56","modified_gmt":"2013-08-26T13:26:56","slug":"video","status":"publish","type":"page","link":"https:\/\/www.donzee.fr\/?page_id=283","title":{"rendered":"Portfolio"},"content":{"rendered":"<p><a href=\"http:\/\/www.donzee.fr\/?page_id=514\"><img loading=\"lazy\" decoding=\"async\" class=\"aligncenter size-full wp-image-506\" title=\"cv\" src=\"http:\/\/www.donzee.fr\/wp-content\/uploads\/2009\/10\/cv.png\" alt=\"\" width=\"430\" height=\"119\" srcset=\"https:\/\/www.donzee.fr\/wp-content\/uploads\/2009\/10\/cv.png 430w, https:\/\/www.donzee.fr\/wp-content\/uploads\/2009\/10\/cv-300x83.png 300w\" sizes=\"auto, (max-width: 430px) 100vw, 430px\" \/><\/a><\/p>\n<p>[imagebrowser id=1]<\/p>\n<p>&#8212;-<\/p>\n<p><strong>Nota :<\/strong> Cette page est amen\u00e9 \u00e0 \u00e9voluer lorsque j&rsquo;int\u00e8gre la nouvelle galerie flash que je suis entrain de travailler, elle va inclure l&rsquo;ensemble de mes r\u00e9alisations:  (<span style=\"text-decoration: underline;\">Web, Photos, compagnes publicitaires, etc..<\/span>.). Je me contente en attendant de pr\u00e9senter une partie de cette mani\u00e8re.\u00a0Je reste ouvert \u00e0 vos commentaires ou bien \u00e0 vos suggestions quant \u00e0 l&rsquo;\u00e9volution de cette page.<\/p>\n","protected":false},"excerpt":{"rendered":"<p>[imagebrowser id=1] &#8212;- Nota : Cette page est amen\u00e9 \u00e0 \u00e9voluer lorsque j&rsquo;int\u00e8gre la nouvelle galerie flash que je suis entrain de travailler, elle va&hellip;<\/p>\n","protected":false},"author":2,"featured_media":0,"parent":0,"menu_order":0,"comment_status":"closed","ping_status":"closed","template":"","meta":{"footnotes":""},"class_list":["post-283","page","type-page","status-publish","hentry"],"_links":{"self":[{"href":"https:\/\/www.donzee.fr\/index.php?rest_route=\/wp\/v2\/pages\/283","targetHints":{"allow":["GET"]}}],"collection":[{"href":"https:\/\/www.donzee.fr\/index.php?rest_route=\/wp\/v2\/pages"}],"about":[{"href":"https:\/\/www.donzee.fr\/index.php?rest_route=\/wp\/v2\/types\/page"}],"author":[{"embeddable":true,"href":"https:\/\/www.donzee.fr\/index.php?rest_route=\/wp\/v2\/users\/2"}],"replies":[{"embeddable":true,"href":"https:\/\/www.donzee.fr\/index.php?rest_route=%2Fwp%2Fv2%2Fcomments&post=283"}],"version-history":[{"count":27,"href":"https:\/\/www.donzee.fr\/index.php?rest_route=\/wp\/v2\/pages\/283\/revisions"}],"predecessor-version":[{"id":800,"href":"https:\/\/www.donzee.fr\/index.php?rest_route=\/wp\/v2\/pages\/283\/revisions\/800"}],"wp:attachment":[{"href":"https:\/\/www.donzee.fr\/index.php?rest_route=%2Fwp%2Fv2%2Fmedia&parent=283"}],"curies":[{"name":"wp","href":"https:\/\/api.w.org\/{rel}","templated":true}]}}